{"id":26,"date":"2018-04-09T19:59:41","date_gmt":"2018-04-09T19:59:41","guid":{"rendered":"http:\/\/danielrosch.ch\/?page_id=26"},"modified":"2023-12-29T08:47:07","modified_gmt":"2023-12-29T08:47:07","slug":"daniel-rosch","status":"publish","type":"page","link":"https:\/\/danielrosch.ch\/","title":{"rendered":"Herzlich willkommen!"},"content":{"rendered":"\n<p>Mein Name ist<strong> Daniel Rosch,<\/strong> geb. 1973; ich bin promovierter Jurist\/ Sozialarbeiter\/ Nonprofit-Manager, systemischer Berater &amp; Familientherapeut (DGSF)\/ systemischer Kinder- und Jugendlichentherapeut (hsi), Professor (FH) und lebe in Bern. Gerne informiere ich Sie \u00fcber meine Dienstleistungen.<\/p>\n\n\n\n<p>&#8211; F\u00fcr <strong>Privatpersonen<\/strong> in herausfordernden Lebenssituationen biete ich  <a href=\"https:\/\/danielrosch.ch\/?page_id=423\">systemische Beratung<\/a> an. <\/p>\n\n\n\n<p>&#8211; <strong>Fachpersonen <\/strong>unterst\u00fctze ich mit meiner <a href=\"https:\/\/danielrosch.ch\/?page_id=447\">Expertise im Sozialrecht (insb. Kindes- und Erwachsenenschutz).<\/a><\/p>\n\n\n\n<p><\/p>\n\n\n\n<p><\/p>\n\n\n\n<p><\/p>\n\n\n\n<p> <\/p>\n\n\n\n<p><a href=\"https:\/\/danielrosch.ch\/?page_id=81\">\u00dcber mich<\/a><\/p>\n\n\n\n<p><a href=\"https:\/\/danielrosch.ch\/?page_id=96\">Kontakt<\/a><\/p>\n\n\n\n<p><\/p>\n\n\n\n<p><\/p>\n","protected":false},"excerpt":{"rendered":"<p>Mein Name ist Daniel Rosch, geb. 1973; ich bin promovierter Jurist\/ Sozialarbeiter\/ Nonprofit-Manager, systemischer Berater &amp; Familientherapeut (DGSF)\/ systemischer Kinder- und Jugendlichentherapeut (hsi), Professor (FH) und lebe in Bern. Gerne informiere ich Sie \u00fcber meine Dienstleistungen. &#8211; F\u00fcr Privatpersonen in herausfordernden Lebenssituationen biete ich systemische Beratung an. &#8211; Fachpersonen unterst\u00fctze ich mit meiner Expertise im &hellip; <\/p>\n","protected":false},"author":1,"featured_media":0,"parent":0,"menu_order":-9,"comment_status":"closed","ping_status":"closed","template":"","meta":{"footnotes":""},"class_list":["post-26","page","type-page","status-publish","hentry"],"_links":{"self":[{"href":"https:\/\/danielrosch.ch\/index.php?rest_route=\/wp\/v2\/pages\/26","targetHints":{"allow":["GET"]}}],"collection":[{"href":"https:\/\/danielrosch.ch\/index.php?rest_route=\/wp\/v2\/pages"}],"about":[{"href":"https:\/\/danielrosch.ch\/index.php?rest_route=\/wp\/v2\/types\/page"}],"author":[{"embeddable":true,"href":"https:\/\/danielrosch.ch\/index.php?rest_route=\/wp\/v2\/users\/1"}],"replies":[{"embeddable":true,"href":"https:\/\/danielrosch.ch\/index.php?rest_route=%2Fwp%2Fv2%2Fcomments&post=26"}],"version-history":[{"count":41,"href":"https:\/\/danielrosch.ch\/index.php?rest_route=\/wp\/v2\/pages\/26\/revisions"}],"predecessor-version":[{"id":760,"href":"https:\/\/danielrosch.ch\/index.php?rest_route=\/wp\/v2\/pages\/26\/revisions\/760"}],"wp:attachment":[{"href":"https:\/\/danielrosch.ch\/index.php?rest_route=%2Fwp%2Fv2%2Fmedia&parent=26"}],"curies":[{"name":"wp","href":"https:\/\/api.w.org\/{rel}","templated":true}]}}