{"id":377,"date":"2019-12-20T11:30:50","date_gmt":"2019-12-20T11:30:50","guid":{"rendered":"http:\/\/danielrosch.ch\/?page_id=377"},"modified":"2025-04-25T05:21:07","modified_gmt":"2025-04-25T05:21:07","slug":"forschung","status":"publish","type":"page","link":"https:\/\/danielrosch.ch\/?page_id=377","title":{"rendered":"Forschung"},"content":{"rendered":"\n<p><strong>Neben juristischer Forschung<\/strong> im Rahmen von Rechtskommentaren und weiteren wissenschaftlichen <a href=\"https:\/\/danielrosch.ch\/?page_id=90\">Publikationen<\/a> habe ich an folgenden <strong>sozialwissenschaftlichen Forschungsprojekten<\/strong> im Rahmen meiner Hochschult\u00e4tigkeit mitgearbeitet bzw. diese geleitet:<\/p>\n\n\n\n<p>Gutachten EBGB: Pr\u00fcfung der Aufhebung der umfassenden Beistandschaft (Teil 1) sowie eines Wechsels von einem System der vertretender Entscheidungsfindung (sog. substitute decision making) zu einem System der unterst\u00fctzenden Entscheidungsfindung (sog. supported decision making) im Massnahmensystem des Erwachenenschutzrechtes m\u00f6glich ist (Teil 2) (Leitung; zusammen mit Prof. Dr. Paula Kr\u00fcger und Dr. Emilienne Kobelt, 2024-2025) (Die Gutachten finden sich unter der Rubrik <a href=\"https:\/\/danielrosch.ch\/?page_id=90\">Publikationen<\/a>).<\/p>\n\n\n\n<p>Weiterentwicklung des forschungsbasierten Abkl\u00e4rungsinstrumentes &#8222;Luzerner Abkl\u00e4rungsinstrument zum Erwachsenenschutz&#8220; 2.0 (Leitung; 2024\/2025). <\/p>\n\n\n\n<p>Weiterentwicklung des forschungsbasierten Abkl\u00e4rungsinstrumentes &#8222;Berner und Luzerner Abkl\u00e4rungsinstrument zum Kindesschutz&#8220; 2.0 (Co-Leitung zusammen mit Prof. Dr. Andrea Hauri; 2024\/2025).<\/p>\n\n\n\n<p>U-Decide: \u00abBest Practice zur Optimierung der Selbstbestimmung von Patient:innen unter besonderer Ber\u00fccksichtigung von Personen mit Demenzerkrankungen\u00bb (Co-Leitung; zusammen mit PD Dr. Dr. Manuel Trachsel, Prof. Dr. Paula Kr\u00fcger, Prof. Dr. Andreas Monsch, Dr. Charlotte Wetterauer, 2023-2026). <\/p>\n\n\n\n<p>Angeh\u00f6rige und Nahestehende im Kindes- und Erwachsenenschutz (Leitung; zusammen mit Prof. Dr. A. Jud und T. Mitrovic; 2018\/2019)<\/p>\n\n\n\n<p>Praxis des Vorgehens der KESB bei Vaterschaftsfeststellungen, bei  Unterhaltsvertr\u00e4gen und beim Einbezug von verwandten und nicht  verwandten Personen bei Kindesplatzierungen durch die KESB   (Co-Leitung mit Prof. Dr. A. Jud; 2016)<\/p>\n\n\n\n<p>Entwicklung eines forschungsbasierten Abkl\u00e4rungsinstrumentes im Kindesschutz (Berner und Luzerner Abkl\u00e4rungsinstrument zum Kindesschutz; Leitung zusammen mit Professoren A. Hauri, A. Jud und D. L\u00e4tsch; 2015)<\/p>\n\n\n\n<p>Entwicklung eines forschungsbasierten Abkl\u00e4rungsinstrumentes im Erwachsenenschutz (Luzerner Abkl\u00e4rungsinstrument zum Erwachsenenschutz   (Leitung; zusammen mit P. Zobrist; 2015) <\/p>\n\n\n\n<p>Gef\u00e4hrdungsmeldungen durch Schulen und schulische Dienste (Projektmitarbeit; 2012) <br><br>    <\/p>\n\n\n\n<p><a href=\"https:\/\/danielrosch.ch\/?page_id=84\">Aus- und Weiterbildungen<\/a><\/p>\n\n\n\n<p><a href=\"https:\/\/danielrosch.ch\/?page_id=87\">Praxiserfahrung &amp; Mitgliedschaften<\/a><\/p>\n\n\n\n<p><a href=\"https:\/\/danielrosch.ch\/?page_id=90\">Publikationen<\/a><\/p>\n\n\n\n<p><a href=\"https:\/\/danielrosch.ch\/?page_id=93\">Tagungsreferate\/Workshop<\/a><\/p>\n\n\n\n<p><a href=\"https:\/\/danielrosch.ch\/?page_id=96\">Kontakt<\/a><\/p>\n","protected":false},"excerpt":{"rendered":"<p>Neben juristischer Forschung im Rahmen von Rechtskommentaren und weiteren wissenschaftlichen Publikationen habe ich an folgenden sozialwissenschaftlichen Forschungsprojekten im Rahmen meiner Hochschult\u00e4tigkeit mitgearbeitet bzw. diese geleitet: Gutachten EBGB: Pr\u00fcfung der Aufhebung der umfassenden Beistandschaft (Teil 1) sowie eines Wechsels von einem System der vertretender Entscheidungsfindung (sog. substitute decision making) zu einem System der unterst\u00fctzenden Entscheidungsfindung (sog. &hellip; <\/p>\n","protected":false},"author":1,"featured_media":0,"parent":81,"menu_order":5,"comment_status":"closed","ping_status":"closed","template":"templates\/template-fullwidth.php","meta":{"footnotes":""},"class_list":["post-377","page","type-page","status-publish","hentry"],"_links":{"self":[{"href":"https:\/\/danielrosch.ch\/index.php?rest_route=\/wp\/v2\/pages\/377","targetHints":{"allow":["GET"]}}],"collection":[{"href":"https:\/\/danielrosch.ch\/index.php?rest_route=\/wp\/v2\/pages"}],"about":[{"href":"https:\/\/danielrosch.ch\/index.php?rest_route=\/wp\/v2\/types\/page"}],"author":[{"embeddable":true,"href":"https:\/\/danielrosch.ch\/index.php?rest_route=\/wp\/v2\/users\/1"}],"replies":[{"embeddable":true,"href":"https:\/\/danielrosch.ch\/index.php?rest_route=%2Fwp%2Fv2%2Fcomments&post=377"}],"version-history":[{"count":12,"href":"https:\/\/danielrosch.ch\/index.php?rest_route=\/wp\/v2\/pages\/377\/revisions"}],"predecessor-version":[{"id":827,"href":"https:\/\/danielrosch.ch\/index.php?rest_route=\/wp\/v2\/pages\/377\/revisions\/827"}],"up":[{"embeddable":true,"href":"https:\/\/danielrosch.ch\/index.php?rest_route=\/wp\/v2\/pages\/81"}],"wp:attachment":[{"href":"https:\/\/danielrosch.ch\/index.php?rest_route=%2Fwp%2Fv2%2Fmedia&parent=377"}],"curies":[{"name":"wp","href":"https:\/\/api.w.org\/{rel}","templated":true}]}}