{"id":423,"date":"2019-12-20T18:56:22","date_gmt":"2019-12-20T18:56:22","guid":{"rendered":"http:\/\/danielrosch.ch\/?page_id=423"},"modified":"2026-01-15T10:01:01","modified_gmt":"2026-01-15T10:01:01","slug":"fuer-privatpersonen-2","status":"publish","type":"page","link":"https:\/\/danielrosch.ch\/?page_id=423","title":{"rendered":"F\u00fcr Privatpersonen: Systemische Beratung"},"content":{"rendered":"<p><!--StartFragment--><\/p>\n\n\n<h2 class=\"wp-block-heading\"><strong><em>offen. direkt. wertsch\u00e4tzend<\/em><\/strong>.<\/h2>\n\n\n\n<p><\/p>\n\n\n\n<p>Zur Unterst\u00fctzung bei  fordernden Lebenssituationen, bei Beziehungskonflikten, famili\u00e4ren Herausforderungen oder Erziehungsfragen kann systemische Beratung hilfreich sein. In solchen Situationen unterst\u00fctze und begleite ich Menschen, um mit ihnen zusammen neue Perspektiven oder L\u00f6sungsans\u00e4tze zu entwickeln. <\/p>\n\n\n<div class=\"wp-block-image is-resized\">\n<figure class=\"aligncenter size-large\"><img loading=\"lazy\" decoding=\"async\" width=\"1601\" height=\"1512\" src=\"https:\/\/danielrosch.ch\/wp-content\/uploads\/2022\/05\/dgsf-siegel-mitglied-rgb-edited.jpg\" alt=\"\" class=\"wp-image-675\" srcset=\"https:\/\/danielrosch.ch\/wp-content\/uploads\/2022\/05\/dgsf-siegel-mitglied-rgb-edited.jpg 1601w, https:\/\/danielrosch.ch\/wp-content\/uploads\/2022\/05\/dgsf-siegel-mitglied-rgb-edited-300x283.jpg 300w, https:\/\/danielrosch.ch\/wp-content\/uploads\/2022\/05\/dgsf-siegel-mitglied-rgb-edited-1024x967.jpg 1024w, https:\/\/danielrosch.ch\/wp-content\/uploads\/2022\/05\/dgsf-siegel-mitglied-rgb-edited-768x725.jpg 768w, https:\/\/danielrosch.ch\/wp-content\/uploads\/2022\/05\/dgsf-siegel-mitglied-rgb-edited-1536x1451.jpg 1536w, https:\/\/danielrosch.ch\/wp-content\/uploads\/2022\/05\/dgsf-siegel-mitglied-rgb-edited-286x270.jpg 286w\" sizes=\"auto, (max-width: 1601px) 100vw, 1601px\" \/><\/figure>\n<\/div>\n\n<p><!--StartFragment--><\/p>\n\n\n<p>Ich biete folgende <strong>Formen systemischer Beratung<\/strong> an:<\/p>\n\n\n\n<p>&#8211; Einzelberatung f\u00fcr Erwachsene, Kinder und Jugendliche<\/p>\n\n\n\n<p>&#8211; Paarberatung<\/p>\n\n\n\n<p>&#8211; Familienberatung<\/p>\n\n\n\n<p><em>Die Beratungen sind freiwillig; \u00dcberweisungen durch Beh\u00f6rden und Gerichte sind m\u00f6glich.<\/em><\/p>\n\n\n\n<p><\/p>\n\n\n\n<p>Der <strong>systemische Ansatz<\/strong> geht prim\u00e4r davon aus, dass Menschen ihre Wirklichkeit, ihre Realit\u00e4t selber und unterschiedlich konstruieren. Jeder sieht &#8222;seine Welt&#8220; anders. Systemisches Arbeiten betrachtet zudem die einzelne Person nicht als defizit\u00e4r oder &#8222;mangelhaft&#8220;, sondern geht davon aus, dass Menschen stets &#8211; nach ihrer eigenen Logik &#8211; versuchen, sich ihrer Umwelt und ihrem Umfeld anzupassen,  selbst wenn der bzw. die Einzelne daf\u00fcr einen hohen (pers\u00f6nlichen) Preis bezahlt. Systemische Beratung zielt darauf ab, dass neue  f\u00fcr alle  Beteiligten dienlichere Konstellationen und Kommunikationsmuster entstehen (<a href=\"https:\/\/systemische-gesellschaft.de\/systemischer-ansatz\/\">zum Weiterlesen<\/a>).<\/p>\n\n\n\n<p><\/p>\n\n\n\n<p>Meine systemisch gepr\u00e4gte Grundhaltung verbinde ich nach Bedarf mit folgenden <strong>anderen Techniken und  Ans\u00e4tzen<\/strong>: <\/p>\n\n\n\n<p>&#8211; L\u00f6sungs- und Kompetenzorientierung<\/p>\n\n\n\n<p>&#8211; Narrativen Ans\u00e4tze und Techniken<\/p>\n\n\n\n<p>&#8211; Imaginativ-systemische Ans\u00e4tze und Techniken <\/p>\n\n\n\n<p>&#8211; Emotionsfokussierung<\/p>\n\n\n\n<p>&#8211; Familientherapie <br>sowie  einer humanistischen Grundhaltung <\/p>\n\n\n\n<p><br><strong>Systemische Arbeit mit Organisationen<\/strong> finden Sie <a href=\"https:\/\/danielrosch.ch\/?page_id=76\" data-type=\"page\" data-id=\"76\">hier<\/a>.<br><\/p>\n\n\n\n<p><strong>Interessiert? <\/strong>Ich freue mich Sie kennen zu lernen. Die Beratungen finden an der <a href=\"https:\/\/maps.app.goo.gl\/kZkysb173UXWaoVL9\" target=\"_blank\" rel=\"noreferrer noopener\">Hochfeldstrasse in <strong>Bern<\/strong><\/a> statt. Die \u00d6rtlichkeiten sind gut mit \u00d6V und Auto erreichbar.  Meine Kontaktdaten finden Sie <a href=\"https:\/\/danielrosch.ch\/?page_id=96\">hier.<\/a><\/p>\n\n\n<p><!--EndFragment--><\/p>\n\n\n<p><\/p>\n","protected":false},"excerpt":{"rendered":"<p>offen. direkt. wertsch\u00e4tzend. Zur Unterst\u00fctzung bei fordernden Lebenssituationen, bei Beziehungskonflikten, famili\u00e4ren Herausforderungen oder Erziehungsfragen kann systemische Beratung hilfreich sein. In solchen Situationen unterst\u00fctze und begleite ich Menschen, um mit ihnen zusammen neue Perspektiven oder L\u00f6sungsans\u00e4tze zu entwickeln. Ich biete folgende Formen systemischer Beratung an: &#8211; Einzelberatung f\u00fcr Erwachsene, Kinder und Jugendliche &#8211; Paarberatung &#8211; Familienberatung &hellip; <\/p>\n","protected":false},"author":1,"featured_media":0,"parent":26,"menu_order":1,"comment_status":"closed","ping_status":"closed","template":"templates\/template-fullwidth.php","meta":{"footnotes":""},"class_list":["post-423","page","type-page","status-publish","hentry"],"_links":{"self":[{"href":"https:\/\/danielrosch.ch\/index.php?rest_route=\/wp\/v2\/pages\/423","targetHints":{"allow":["GET"]}}],"collection":[{"href":"https:\/\/danielrosch.ch\/index.php?rest_route=\/wp\/v2\/pages"}],"about":[{"href":"https:\/\/danielrosch.ch\/index.php?rest_route=\/wp\/v2\/types\/page"}],"author":[{"embeddable":true,"href":"https:\/\/danielrosch.ch\/index.php?rest_route=\/wp\/v2\/users\/1"}],"replies":[{"embeddable":true,"href":"https:\/\/danielrosch.ch\/index.php?rest_route=%2Fwp%2Fv2%2Fcomments&post=423"}],"version-history":[{"count":39,"href":"https:\/\/danielrosch.ch\/index.php?rest_route=\/wp\/v2\/pages\/423\/revisions"}],"predecessor-version":[{"id":851,"href":"https:\/\/danielrosch.ch\/index.php?rest_route=\/wp\/v2\/pages\/423\/revisions\/851"}],"up":[{"embeddable":true,"href":"https:\/\/danielrosch.ch\/index.php?rest_route=\/wp\/v2\/pages\/26"}],"wp:attachment":[{"href":"https:\/\/danielrosch.ch\/index.php?rest_route=%2Fwp%2Fv2%2Fmedia&parent=423"}],"curies":[{"name":"wp","href":"https:\/\/api.w.org\/{rel}","templated":true}]}}