{"id":447,"date":"2019-12-20T20:14:05","date_gmt":"2019-12-20T20:14:05","guid":{"rendered":"http:\/\/danielrosch.ch\/?page_id=447"},"modified":"2023-12-29T09:10:57","modified_gmt":"2023-12-29T09:10:57","slug":"als-fachperson","status":"publish","type":"page","link":"https:\/\/danielrosch.ch\/?page_id=447","title":{"rendered":"F\u00fcr Fachpersonen: Sozialrecht f\u00fcr die Praxis"},"content":{"rendered":"\n<h2 class=\"wp-block-heading\"><em>interdisziplin\u00e4r. sorgf\u00e4ltig. unabh\u00e4ngig<\/em>.<\/h2>\n\n\n\n<p><\/p>\n\n\n\n<p><\/p>\n\n\n\n<p>Es geht mir um die fachliche Unterst\u00fctzung, Beratung und Begleitung von Einzelpersonen und Gruppen in ihrem Berufsalltag hin zu einem m\u00f6glichst wunschgem\u00e4ssen Aussch\u00f6pfen oder Reflektieren der eigenen Handlungskompetenzen.<\/p>\n\n\n\n<p>Im Rahmen dieser fachlichen Unterst\u00fctzung biete ich folgende <strong>Dienstleistungen<\/strong> an:<\/p>\n\n\n\n<p>&#8211; <strong>Fallsupervisionen,<\/strong> insb. f\u00fcr Berufsbeist\u00e4nd*innen, Abkl\u00e4rende und Beh\u00f6rdenmitglieder <\/p>\n\n\n\n<p>&#8211; <strong>Einzel-, Gruppen-, Team-, Leitungssupervision und&nbsp; Coaching<\/strong><\/p>\n\n\n\n<p> &#8211; <strong>Referate\/Vortr\u00e4ge <\/strong>vgl. <a href=\"https:\/\/danielrosch.ch\/?page_id=93\">bisherige Tagungsreferate<\/a> <\/p>\n\n\n\n<p>&#8211; <strong>Schulungen und Workshop <\/strong>f\u00fcr Dienste und Organisationen<\/p>\n\n\n\n<p>&#8211; juristische und sozialarbeiterische <strong>Abkl\u00e4rungen<br><\/strong><\/p>\n\n\n\n<p>&#8211; <strong>Rechtsgutachten und interdisziplin\u00e4re Gutachten<br><\/strong><\/p>\n\n\n\n<p>Zudem biete ich <strong>systemische Beratung<\/strong>, z.B. in Form von <em><strong>angeordneter Beratung<\/strong> <\/em>an oder <strong>systemische Organisations- und Teamberatung.<\/strong> Weitere Informationen finden sie <a href=\"https:\/\/danielrosch.ch\/?page_id=423\">hier<\/a>.<\/p>\n\n\n\n<p>Meine <strong>T\u00e4tigkeitsfelder<\/strong> sind:<\/p>\n\n\n\n<p><a href=\"https:\/\/danielrosch.ch\/?page_id=36\">Sozialrecht, insb. Kindes- und Erwachsenenschutz<\/a><\/p>\n\n\n\n<p><a href=\"https:\/\/danielrosch.ch\/?page_id=76\">Management<\/a><\/p>\n\n\n\n<p><\/p>\n","protected":false},"excerpt":{"rendered":"<p>interdisziplin\u00e4r. sorgf\u00e4ltig. unabh\u00e4ngig. Es geht mir um die fachliche Unterst\u00fctzung, Beratung und Begleitung von Einzelpersonen und Gruppen in ihrem Berufsalltag hin zu einem m\u00f6glichst wunschgem\u00e4ssen Aussch\u00f6pfen oder Reflektieren der eigenen Handlungskompetenzen. Im Rahmen dieser fachlichen Unterst\u00fctzung biete ich folgende Dienstleistungen an: &#8211; Fallsupervisionen, insb. f\u00fcr Berufsbeist\u00e4nd*innen, Abkl\u00e4rende und Beh\u00f6rdenmitglieder &#8211; Einzel-, Gruppen-, Team-, Leitungssupervision und&nbsp; &hellip; <\/p>\n","protected":false},"author":1,"featured_media":0,"parent":0,"menu_order":0,"comment_status":"closed","ping_status":"closed","template":"templates\/template-fullwidth.php","meta":{"footnotes":""},"class_list":["post-447","page","type-page","status-publish","hentry"],"_links":{"self":[{"href":"https:\/\/danielrosch.ch\/index.php?rest_route=\/wp\/v2\/pages\/447","targetHints":{"allow":["GET"]}}],"collection":[{"href":"https:\/\/danielrosch.ch\/index.php?rest_route=\/wp\/v2\/pages"}],"about":[{"href":"https:\/\/danielrosch.ch\/index.php?rest_route=\/wp\/v2\/types\/page"}],"author":[{"embeddable":true,"href":"https:\/\/danielrosch.ch\/index.php?rest_route=\/wp\/v2\/users\/1"}],"replies":[{"embeddable":true,"href":"https:\/\/danielrosch.ch\/index.php?rest_route=%2Fwp%2Fv2%2Fcomments&post=447"}],"version-history":[{"count":9,"href":"https:\/\/danielrosch.ch\/index.php?rest_route=\/wp\/v2\/pages\/447\/revisions"}],"predecessor-version":[{"id":772,"href":"https:\/\/danielrosch.ch\/index.php?rest_route=\/wp\/v2\/pages\/447\/revisions\/772"}],"wp:attachment":[{"href":"https:\/\/danielrosch.ch\/index.php?rest_route=%2Fwp%2Fv2%2Fmedia&parent=447"}],"curies":[{"name":"wp","href":"https:\/\/api.w.org\/{rel}","templated":true}]}}