{"id":76,"date":"2018-04-09T20:32:23","date_gmt":"2018-04-09T20:32:23","guid":{"rendered":"http:\/\/danielrosch.ch\/?page_id=76"},"modified":"2023-12-29T08:57:33","modified_gmt":"2023-12-29T08:57:33","slug":"management","status":"publish","type":"page","link":"https:\/\/danielrosch.ch\/?page_id=76","title":{"rendered":"Management"},"content":{"rendered":"\n<p>F\u00fcr <strong>Organisationen,<\/strong> welche in den Bereichen des Kindes- und Erwachsenenschutzrechtes t\u00e4tig sind, biete ich Organisationsentwicklungsberatungen und -coachings an. Dazu geh\u00f6ren unter anderem Analysen zu Aufbau- und Ablaufstruktur, Prozess-, Wissens- sowie <strong>Qualit\u00e4tsmanagement,<\/strong> aber auch <strong>Projektmanagement<\/strong> und <strong>Konzeptarbeit.<\/strong> <\/p>\n\n\n\n<p>Daneben begleite ich Organisationen auch bei Konflikten und Teamentwicklung (<strong>systemische Konfliktmoderation, Teambuilding<\/strong> etc.)<\/p>\n\n\n\n<p><a href=\"https:\/\/danielrosch.ch\/?page_id=423\" data-type=\"page\" data-id=\"423\">F\u00fcr Privatpersonen: Systemische Beratung<\/a><\/p>\n\n\n\n<p><a href=\"https:\/\/danielrosch.ch\/?page_id=36\">Soziale Arbeit und Recht<\/a><\/p>\n\n\n\n<p><a href=\"https:\/\/danielrosch.ch\/?page_id=81\">\u00dcber mich<\/a><\/p>\n\n\n\n<p><a href=\"https:\/\/danielrosch.ch\/?page_id=96\">Kontakt<\/a><\/p>\n","protected":false},"excerpt":{"rendered":"<p>F\u00fcr Organisationen, welche in den Bereichen des Kindes- und Erwachsenenschutzrechtes t\u00e4tig sind, biete ich Organisationsentwicklungsberatungen und -coachings an. Dazu geh\u00f6ren unter anderem Analysen zu Aufbau- und Ablaufstruktur, Prozess-, Wissens- sowie Qualit\u00e4tsmanagement, aber auch Projektmanagement und Konzeptarbeit. Daneben begleite ich Organisationen auch bei Konflikten und Teamentwicklung (systemische Konfliktmoderation, Teambuilding etc.) F\u00fcr Privatpersonen: Systemische Beratung Soziale Arbeit &hellip; <\/p>\n","protected":false},"author":1,"featured_media":0,"parent":26,"menu_order":0,"comment_status":"closed","ping_status":"closed","template":"templates\/template-fullwidth.php","meta":{"footnotes":""},"class_list":["post-76","page","type-page","status-publish","hentry"],"_links":{"self":[{"href":"https:\/\/danielrosch.ch\/index.php?rest_route=\/wp\/v2\/pages\/76","targetHints":{"allow":["GET"]}}],"collection":[{"href":"https:\/\/danielrosch.ch\/index.php?rest_route=\/wp\/v2\/pages"}],"about":[{"href":"https:\/\/danielrosch.ch\/index.php?rest_route=\/wp\/v2\/types\/page"}],"author":[{"embeddable":true,"href":"https:\/\/danielrosch.ch\/index.php?rest_route=\/wp\/v2\/users\/1"}],"replies":[{"embeddable":true,"href":"https:\/\/danielrosch.ch\/index.php?rest_route=%2Fwp%2Fv2%2Fcomments&post=76"}],"version-history":[{"count":9,"href":"https:\/\/danielrosch.ch\/index.php?rest_route=\/wp\/v2\/pages\/76\/revisions"}],"predecessor-version":[{"id":763,"href":"https:\/\/danielrosch.ch\/index.php?rest_route=\/wp\/v2\/pages\/76\/revisions\/763"}],"up":[{"embeddable":true,"href":"https:\/\/danielrosch.ch\/index.php?rest_route=\/wp\/v2\/pages\/26"}],"wp:attachment":[{"href":"https:\/\/danielrosch.ch\/index.php?rest_route=%2Fwp%2Fv2%2Fmedia&parent=76"}],"curies":[{"name":"wp","href":"https:\/\/api.w.org\/{rel}","templated":true}]}}