{"id":93,"date":"2018-04-09T20:40:03","date_gmt":"2018-04-09T20:40:03","guid":{"rendered":"http:\/\/danielrosch.ch\/?page_id=93"},"modified":"2025-09-20T09:25:48","modified_gmt":"2025-09-20T09:25:48","slug":"tagungsreferate-workshop-auswahl","status":"publish","type":"page","link":"https:\/\/danielrosch.ch\/?page_id=93","title":{"rendered":"Tagungsreferate\/ Workshop (Auswahl)"},"content":{"rendered":"<p>&#8211;\u00a0 Methodische und juristische Aspekte der Selbstbestimmung in der Mandatsaufnahme, Referat anl\u00e4sslich des Qualit\u00e4tsworkshop des <a href=\"https:\/\/qualitaet-erwachsenenschutz.ch\">Netzwerkes Qualit\u00e4t im Erwachsenenschutz<\/a> vom 16. September 2025 in Luzern\u00a0<\/p>\n<p>&#8211; Einf\u00fchrung und Epilog: Zwangskontext anl\u00e4sslich der Tagung &#8222;Zwang und Zwangskontexte in der Sozialen Arbeit&#8220; an der Hamburger HAW vom 11.\/12. September 2025 (<a href=\"https:\/\/www.hslu.ch\/de-ch\/soziale-arbeit\/agenda\/veranstaltungen\/2025\/09\/11\/tagung-zwang-und-zwangskontext-in-der-sa\/\">Link<\/a>)\u00a0<\/p>\n<p>&#8211; Abkl\u00e4rung &#8211; alles gekl\u00e4rt?!, Referat anl\u00e4sslich der KOKES Tagung\u00a0 vom 4.\/5.9.2024 in Fribourg.<\/p>\n<p>&#8211; Abkl\u00e4rung der Urteilsf\u00e4higkeit: \u00dcber U-Doc und U-Decide, Workshop zusammen mit Prof. Dr. Dr. Manuel Trachsel anl\u00e4sslich der KOKES Tagung vom 4.\/5.9. 2024 in Fribourg.<\/p>\n<p>&#8211; The Public Policy on Self-Determination in Adult Protection Law in Switzerland, Austria and Germany, Plenary Session 4, Worldcongress Adult Support and Care, Buenos Aires\/Argentinien, August 29th 2024<\/p>\n<p>&#8222;Das neue Selbstbestimmungsrecht in Deutschland nur auf dem Papier? Ein fachlicher Blick aus der europ\u00e4ischen Nachbarschaft&#8220; Referat anl\u00e4sslich der Netzwerktagung Betreuungsrecht Rheinland-Pfalz vom 5.\/6. Juni 2024 in Bingen\/D.<\/p>\n<p>Von partizipativem Zwang und zwanghafter Partizipation. Recht und Methodik im Kindes- und Erwachsenenschutz, Luzerner Tagung zum Kindes- und Erwachsenenschutz vom 7.5.2024.<\/p>\n<p>Selbstbestimmung, medizinische Massnahmen, Wohnen. Workshop Soziale Dienste Oberes Rheintal vom 24.4.2024<\/p>\n<p>&#8222;Fluch oder Segen?&#8220; &#8211; So wird das deutsche Betreuungsrecht im europ\u00e4ischen Ausland gesehen, Becks Berufsbetreuertage vom 12.\/13. Mai 2023 in M\u00fcnchen.<\/p>\n<p>(sozialarbeiterische) Abkl\u00e4rungen\/Gutachten im Kindesschutz \u2013 Das Berner und Luzerner Abkl\u00e4rungsinstrument in der Praxis. Gerzenseetagung der Stiftung schweizerischen Richterinnen und Richter vom 10.\/11. November 2022 (Tagungsreferat und Workshop)<\/p>\n<p>Kindesschutz- und kindesrechtliche Instrumente in Konfliktsituationen: Vor- und Nachteile. Arbeitskreis zusammen mit Prof. Dr. iur. Margot Michel und Carole Bruttin im Rahmen der 10. Familienrecht\u00a7tage vom 9.\/10. September 2022 in Z\u00fcrich .<\/p>\n<p>Beratung und Begleitung im KES: Nein Danke!? &#8211; 4 Referate zur Beratung und Begleitung, zur Behindertenrechtskonvention, supported decision making, zur Begleitbeistandschaft und Erziehungsbeistandschaft mit Rat und Tat und methodischen \u00dcberlegungen zur Beratung im KES anl\u00e4sslich der Wiler Tagung vom 19. Mai 2022.<\/p>\n<p>\u00abich bestimme &#8211; bestimmt selbstbestimmt im Alter!\u00bb Referat und Worshop. Seniorenarena, Seniorenrat Baden, 17\u00a0 Februar 2022.<\/p>\n<p>Abkl\u00e4rung und Abkl\u00e4rungsinstrumente &#8211; oder: \u00dcber Bastler*innen und Qualit\u00e4tsverr\u00fcckte. Impulsreferat Community-Anlass Kindes- und Erwachsenenschutz (KES) der FH OST vom 16.11.2021.<\/p>\n<p>Der Handlungsplan im Kindes- und Erwachsenenschutz. Workshop vom 4. November 2021 aller Amtsbeistandschaften des Kantons Schwyz.<\/p>\n<p><b>\u745e\u58eb\u6210\u4eba\u4fdd\u62a4\u548c\u534f\u52a9\u51b3\u5b9a<\/b> (Adult Protection Law in Switzerland and supported decision making). Referat anl\u00e4sslich der 4th Asian International Conference &amp; 3rd Chinese Seminar on Adult Guardianship (ACAG 2019) sowie Workshop zusammen mit Prof. Dr. D. English (USA), Dr. T. Hisashi (Japan), Tina Minkowitz (USA) und Dr. M. Noyeon (S\u00fcdkorea) in Shanghai\u00a0 28. &#8211; 30. November 2019.<\/p>\n<p>Systemische Mandatsf\u00fchrung \u2013 Konzept mit Mehrwert?! &#8211; Wie und wo systemische Ans\u00e4tze funktionieren. Referat anl\u00e4sslich der\u00a0SVBB Fachtagung \u201eSystemisches Arbeiten im Kindes- und Erwachsenenschutz vom 16.\/17. September 2019.<\/p>\n<p>System(at)ische Mandatsf\u00fchrung mit dem \u00abSVBB-Leitfaden\u00bb &#8211; Von der Mandatsaufnahme zum Handlungsplan. Workshop anl\u00e4sslich der\u00a0SVBB Fachtagung \u201eSystemisches Arbeiten im Kindes- und Erwachsenenschutz vom 16.\/17. September 2019.<\/p>\n<p>Von Erfahrungen aus der Schweiz lernen? &#8211; Eine Sicht aus dem Schweizerischen Erwachsenenschutz als m\u00f6gliches Exportprodukt f\u00fcr Deutschland. Referat anl\u00e4sslich der Tagung des Netzwerks Betreuungsrecht Rheinland-Pfalz &#8222;Fest der Reformen im Betreuungsrecht&#8220; vom 11.\/12. September 2019.<\/p>\n<p>Die f\u00fcrsorgerische Unterbringung: Friktionen und L\u00f6sungsideen. Tagung des Europainstituts der Universit\u00e4t Z\u00fcrich vom 26. Juni 2019.<\/p>\n<p>Melderechte und Meldepflichten im Kindesschutz und deren Folgen. Tagung Kt. Baselland \u201eFr\u00fcherkennung von Kindswohlgef\u00e4hrdung f\u00fcr Fachpersonen \u2013 Umgang mit den neuen Meldevorschriften\u201c vom 17. Juni 2019.<\/p>\n<p>Das ungute Gef\u00fchl im Umgang mit Klientendaten. Tagung der VBZH vom 27.5.2019 (zusammen mit Dr. Viviane Kull, Datenschutzstelle Z\u00fcrich).<\/p>\n<p>Die Wahrheit liegt im Handeln!? \u2013 Die \u00abRealit\u00e4t\u00bb von Beist\u00e4nd(inn)en zwischen Gesellschaft, Auftragnehmertum, Verwaltung und Sozialer Arbeit&#8220; ; &#8222;Fachlichkeit konkret \u2013 Ein Vorschlag f\u00fcr Qualit\u00e4t und zur Eigenst\u00e4ndigkeit in der Mandatsf\u00fchrung&#8220;;\u00a0 &#8222;Reflexive Mandatsf\u00fchrung &#8211;\u00a0 Bausteine f\u00fcr wirkungsvolles Handeln&#8220;\u00a0 (3 Referate + Abschlusspodium) an der Wiler-Tagung vom 22.11.2018 zum Thema: Berufsbeist\u00e4nde\/innen im Fokus &#8211; Die Wahrheit liegt im Handeln, strukturiert oder ins Blaue?<\/p>\n<p>Abschlusspodium &#8222;Challenges to Adult Guardianship Systems in Eastern Asian Region&#8220; (mit Adrian D. Ward, Consultant Council of Europe, Alan Eccles, Public Guardian England\/Wales, Prof. Dr. iur. Cheolung JE, S\u00fcdkorea) Hanyang University in Seoul vom 26.10.2018.<\/p>\n<p>The revised Swiss Law: Between \u201csupported decision making\u201d and \u201csubstitute decision making\u201d, 5th World Congress on Adult Guardianship in Seoul vom 23.-25.10.2018 (Session zusammen mit Prof. Dr. iur. David English, USA, und Prof. Dr. iur. Daisy Cheung, Hongkong)\u00a0 <a href=\"http:\/\/koreanguardianship.or.kr\/wcag2018\/\">http:\/\/koreanguardianship.or.kr\/wcag2018\/<\/a><\/p>\n<p>Angeh\u00f6rige und Fachpersonen im Erwachsenenschutz \u2013 ein Blick \u00fcber die Schweiz hinaus. Luzerner Tagung zum Kindes- und Erwachsenenschutz vom 16.5.2018.<\/p>\n<p>Zwangsmassnahmen in Wohn- und Pflegeeinrichtungen. Public Talk der Curaviva vom 30.4.2018 in Thun <a href=\"https:\/\/www.curaviva.ch\/Veranstaltungen\/CURAVIVA-Public-Talks\/Wenn-die-Freiheit-im-Heim-an-Grenzen-stoesst\/PQrJj\/\">(Link)<\/a><\/p>\n<p>Kassensturz Studiogespr\u00e4ch vom 27. M\u00e4rz zum Thema Trickbetr\u00fcger und Erwachsenenschutz (<a href=\"https:\/\/www.srf.ch\/play\/tv\/kassensturz\/video\/studiogespraech-mit-daniel-rosch?id=4a99afb8-c482-435e-b663-df181c87527f&amp;station=69e8ac16-4327-4af4-b873-fd5cd6e895a7\">Link<\/a>)<\/p>\n<p>Begleitbeistandschaft und Behindertenrechtskonvention (BRK), Referat anl\u00e4sslich der Tagung der Universit\u00e4t St. Gallen zum Kindes- und Erwachsenenschutz vom 8.11.2017<\/p>\n<p>Der SVBB-Leitfaden f\u00fcr Berufsbeist\u00e4ndinnen und Berufsbeist\u00e4nde, Workshop anl\u00e4sslich der SVBB Jahrestagung vom 13.\/14.9.2017<\/p>\n<p>Die Herstellung des Kindesverh\u00e4ltnisses und die Regelung der Unterhaltspflicht nach der Aufhebung von Art. 309 aZGB. Referat anl\u00e4sslich der Tagung des Europainstitutes der Universit\u00e4t Z\u00fcrich vom 22. Juni 2017.<\/p>\n<p>Selbstbestimmung 2.0 &#8211; k\u00fcnftige Herausforderungen im Erwachsenenschutz. Referat anl\u00e4sslich der Luzerner Tagung zum Kindes &#8211; und Erwachsenenschutz vom 18. Mai 2017.<\/p>\n<p>Standardisierte Abkl\u00e4rungen des Kindeswohls am Beispiel des Berner und Luzerner Abkl\u00e4rungsinstrumentes zum Kindesschutz. Referat anl\u00e4sslich der 3. Tagung zum Scheidungsrecht der Universit\u00e4t Z\u00fcrich vom 16. Mai 2017<\/p>\n<p>Selbstbestimmung im revidierten Erwachsenenschutzrecht. Panel anl\u00e4sslich der Jahrestagung der Detuschen Gesellschaft f\u00fcr Soziale Arbeit (DGSA) vom 28.\/29. April 2017 in Berlin<\/p>\n<p>Kontinuit\u00e4t der Beziehungen. Rechtliche Aspekte bei R\u00fcckplatzierungsbegehren. Referat anl\u00e4sslich der Tagung Pflegekinderaktion Schweiz vom 11. November 2016.<\/p>\n<p>Nach Abschaffung des Art. 309 ZGB. Referat anl\u00e4sslich der Tagung der Universit\u00e4t St. Gallen zum Erwachsenenschutz vom 8. November 2016<\/p>\n<p>Das Luzerner Abk\u00e4rungsinstrument zum Erwachsenenschutz als Beitrag zu einer professionalisierten sozialarbeiterischen Abkl\u00e4rung. 6. Tagung Soziale Diagnostik, 15.\/16. September 2016, Hamburg.<\/p>\n<p>Unterst\u00fctzungsbedarf und rechtliche Handlungsf\u00e4higkeit zusammen mit Cheolung Je, S\u00fcdkorea, und Eilionoir Flynn, Irland. Weltkongress Betreuungsrecht, 15.-17. Sept.2016 in Berlin (<a href=\"https:\/\/www.youtube.com\/watch?v=viVClErIf8Y&amp;feature=youtu.be\">youtubelink<\/a>)(<a href=\"https:\/\/www.youtube.com\/watch?v=JIC-qxPIeC0\">youtubelink deutsch<\/a>)<\/p>\n<p>Erwartungsdifferenzen zwischen Recht und Gesellschaft: St\u00e4rkung der Eigenverantwortung versus allumfassendem Sicherheitsbed\u00fcrfnis der Gesellschaft, VABB Tagung 5. Nov. 2015 (<a href=\"http:\/\/www.vabb-aargau.ch\/fileadmin\/dokumente\/Rosch__Handout.pdf\">Link)<\/a><\/p>\n<p>Standardisierte Abkl\u00e4rungen im Kindesschutz am Beispiel des Luzerner und Berner Abkl\u00e4rungsinstrumentes zum Kindesschutz. Tagung Universit\u00e4t St. Gallen 4. Nov. 2015<\/p>\n<p>R\u00fcckplatzierungsbegehren im Kindesschutz aus sozialarbeiterischer und rechtlicher Sicht, SVBB Tagung vom 3.\/4. September 2015<\/p>\n<p>Von der typengebundenen Massnahme zur massgeschneiderten Beistandschaft. Referat Europa Institut der Universit\u00e4t Z\u00fcrich, 1. Juli 2015<\/p>\n<p>Datenschutzrecht in der Sozialberatung. Workshop Amt f\u00fcr Soziales St. Gallen vom 11. Mai 2015<\/p>\n<p>Erwachsenenschutzrecht. Ein Abkl\u00e4rungsinstrument f\u00fcr die Schweiz. Referat Luzerner Tagung zum Kindes- und Erwachsenenschutz, 7. Mai 2015 (<a href=\"https:\/\/www.hslu.ch\/-\/media\/campus\/common\/files\/dokumente\/sa\/fachtagungen-und-kongresse\/archiv\/kes\/kes-15\/abstract-rosch.pdf?la=de-ch\">link<\/a>)<\/p>\n<p>Die Zusammenarbeit zwischen KESB und professioneller Mandatstr\u00e4ger\/innen. Workshop anl\u00e4sslich der Vernetzungstagung avenir social vom 7. November 2014<\/p>\n<p>Selbstbestimmung im Praxistest. Workshop anl\u00e4sslich der KOKES Tagung vom 2.\/3. September 2014 (<a href=\"http:\/\/kokes.ch\/assets\/pdf\/de\/aktuell\/2014_WS_3_Rosch_D.pdf\">pdf<\/a>)<\/p>\n<p>Revision gemeinsame elterliche Sorge, Workshop St. Gallen, 11.6.2014<\/p>\n<p>Erste Erfahrungen mit dem neuen Kindes- und Erwachsenenschutzrecht &#8211; optimierte Dienstleistungen. Ostschweizer Verband der Berufsbeist\u00e4ndinnen und Berufsbeist\u00e4nde vom 8.5.2014<\/p>\n<p>Revision gemeinsame elterliche Sorge, Workshop KESB Kt. BL, 25.4.2014<\/p>\n<p>Badener Mittagsveranstaltungen zum neuen Erwachsenenschutz der Stadtverwaltung Baden (allgemeine Einf\u00fchrung, Vorsorgeauftrag, Patientenverf\u00fcgung, spezifische Fragestellungen)<\/p>\n<p>Erste Erfahrungen mit dem Erwachsenenschutz, 7. Familienrecht\u00a7tage, 23.\/24. Januar 2014 (zusammen mit Linus Cantieni)<\/p>\n<p>Das neue Erwachsenenschutzrecht, insb. der Vorsorgeauftrag f\u00fcr Treuh\u00e4nder\/innen; Workshop Budliger, 17.1.2014<\/p>\n<p>Die neuen Anforderungen des Erwachsenenschutzrechts an die \u00c4rzteschaft. Referat Tagung der Universit\u00e4t Basel zu 333 Tage neues Erwachsenenschutzrecht vom 28.11.2013<\/p>\n<p>F\u00fcrsorgerische Unterbringung &#8211; medizinische Massnahmen und Nachbetreuung. Referat Tagung der Universit\u00e4t St. Gallen zum Kindes- und Erwachsenenschutz vom 28.11.2013<\/p>\n<p>Selbstbestimmung im Alter. Referat\/Workshop Seniorenarena des Seniorenrates Baden in Zusammenarbeit mit den Sozialen Diensten Baden vom 18.11.2013<\/p>\n<p>Erste Erfahrungen bei den Schulungen zum neuen Recht (zusammen mit Prof. D. Wider) anl\u00e4sslich der Jubil\u00e4umgstagung der Schweizerischen Vereinigung der Berufsbeist\u00e4nd(inn)en vom 2.\/3. September 2013; zugleich Workshop zur F\u00fcrsorgerischen Unterbringung<\/p>\n<p>\u00dcberblick Erwachsenenschutzrecht \/ Der Vorsorgeauftrag f\u00fcr Treuh\u00e4nder\/innen. Weiterbildung der Akademie der Treuhandkammer vom 24. Juni 2013.<\/p>\n<p>Revision der Meldepflichten und -rechte (Art. 443 ZGB) &#8211; eine Standortbestimmung. Luzerner Tagung zum Kindes- und Erwachsenenschutz vom 17. Mai 2013<\/p>\n<p>Schnittstellen zum Zivilrecht. Schweizerische Richtertagung vom 16. Mai 2013<\/p>\n<p>Von den aufgabenbezogenen Rollen der Hauptakteure im Kindes- und Erwachsenenschutz. VABB-Tagung f\u00fcr Leitungen von Berufsbeistandschaften vom 1. M\u00e4rz 2013 (<a href=\"http:\/\/www.vabb-aargau.ch\/fileadmin\/dokumente\/Referat_Rosch.pdf\">Folien<\/a>)<\/p>\n<p>Ein paar T\u00fccken, ein paar Baustellen &#8211; Denkanst\u00f6sse. Weiterbildungsveranstaltung des Obergerichtes des Kantons Bern vom 4. Dezember 2012.<\/p>\n<p>Herausforderungen in der Zusammenarbeit mit der KESB aus der Sicht von Berufsbeist\u00e4nden\/-innen. Tagung der Universit\u00e4t St. Gallen zum Kindes- und Erwachsenenschutzrecht vom 16. November 2012 (siehe Publikationen)<\/p>\n<p>Das neue Erwachsenenschutzrecht und dessen Bedeutung f\u00fcr psychiatrische Kliniken, Referate Psychiatriezentrum M\u00fcnsingen vom 7. November 2012<\/p>\n<p>Beh\u00f6rdliche Massnahmen, Tagung HSLU Neues Erwachsenenschutzrecht, August 2012<\/p>\n<p>Melderechte, Melde- und Mitwirkungspflichten: Die Zusammenarbeit mit der neuen KESB. Tagung der Universit\u00e4t St. Gallen zum Kindes- und Erwachsenenschutzrecht vom 12. Juni 2012<\/p>\n<p>Die Zusammenarbeit zwischen Berufsbeist\u00e4nden\/innen, Berufsbeistandschaften und Kindes- und Erwachsenenschutzbeh\u00f6rde\/Umsetzung des KESR. Wiler Tagung des Ostschweizer Verbandes der Berufsbeist\u00e4nde\/innen, Mai 2012<\/p>\n<p>Ein paar T\u00fccken, ein paar Grenzen &#8211; Denkanst\u00f6sse zum neuen Erwachsenenschutzrecht. Referat Basler Juristenverein, April 2012<\/p>\n<p>Sozialarbeiterische Gutachten und gutachtliche Stellungnahmen. Referat Eherechtstagung der Universit\u00e4t St. Gallen (Institut f\u00fcr Rechtswissenschaft und Rechtspraxis), November 2011 (siehe Publikationen)<\/p>\n<p>F\u00fcrsorgerische Unterbringung im Kindes- und Erwachsenenschutzrecht. Referat Tagung Kindes- und Erwachsenenschutzrecht der Universit\u00e4t St. Gallen (Institut f\u00fcr Rechtswissenschaft und Rechtspraxis), Juni 2011 (siehe Publikationen)<\/p>\n<p>Gef\u00e4hrdung und Kindesschutz im Rahmen von Fr\u00fcherkennung und Fr\u00fchintervention. Referat und Workshop zu Datenschutz. Regionales Netzwerk f\u00fcr Pr\u00e4vention in den Arbeitsfeldern Familie, Jugend und Kinder Zofingen. Juni 2011<\/p>\n<p>Schweigen und Sprechen im Rahmen von Fr\u00fcherkennung und Fr\u00fchintervention. Workshop Multidisziplin\u00e4re Fachtagung des Fachverbandes Sucht und Radix, Juni 2011<\/p>\n<p>Umsetzung des neuen Erwachsenenschutzrechtes im Kanton Aargau: Herausforderungen f\u00fcr Abkl\u00e4rer\/innen und Gemeinden. Regiogruppe Kinder- und Erwachsenenschutz, Bezirk Lenzburg Mai 2011<\/p>\n<p>Strategisches Management in der Sozialhilfe. Tagung der SKOS und der Hochschule Luzern zum Thema Management als Herausforderung vom 23. Februar 2011<\/p>\n<p>Neues Erwachsenenschutzrecht: Wissenswertes f\u00fcr Alters- und Pflegeheime bei Unterbringung und Platzierung. Fachkongress Curaviva Januar 2011<\/p>\n<p>Die F\u00fcrsorgerische Unterbringung: Inhaltliche Verbesserung f\u00fcr Betroffene oder zus\u00e4tzliche B\u00fcrokratie f\u00fcr Fachleute? Pro Mente Sana Jahrestagung 2010<\/p>\n<p>Neue Aufgaben, Rollen, Disziplinen, Schnitt- und Nahtstellen: Herausforderungen des neuen Kindes- und Erwachsenenschutzrechts. Jahrestagung Konferenz der Kantone f\u00fcr Kindes- und Erwachsenenschutz (KOKES), 2010 (<a href=\"https:\/\/www.google.ch\/url?sa=t&amp;rct=j&amp;q=&amp;esrc=s&amp;source=web&amp;cd=2&amp;ved=0ahUKEwiM-_qK2rDaAhXH6xQKHeXpAr0QFggsMAE&amp;url=https%3A%2F%2Fwww.kokes.ch%2Fapplication%2Ffiles%2F9914%2F6166%2F9123%2FNeue_Aufgaben.pdf&amp;usg=AOvVaw0hAjawtrWPTkZtCqBptuof\">Referat<\/a> [138 KB] )<\/p>\n<p>Massschneiderung konkret: Die Bestimmung der Aufgabenbereiche nach dem neuen Erwachsenenschutzrecht. Jahrestagung Konferenz der Kantone f\u00fcr Kindes- und Erwachsenenschutz (<a href=\"http:\/\/www.kokes.ch\/assets\/pdf\/de\/aktuell\/AK6_Rosch_II.pdf\">Unterlagen<\/a>)<\/p>\n<p>Umgang mit datenschutzrechtlichen Fragestellungen in der Sozialen Arbeit. Menschenrechte und Digitalisierung des Alltags. 7. Internationales Menschenrechtsforum Luzern, 2010<\/p>\n<p>\u201eZwangsbegl\u00fcckung\u201c um jeden Preis? Rechtliche und sozialarbeiterische Aspekte. Fachtagung Soziale Arbeit mit Pflichtklientschaft, Luzern, 2010 (siehe Publikationen)<\/p>\n<p>Neues Erwachsenenschutzrecht \u2013 alles wird besser! Auch f\u00fcr die Praxis?. First Thursday, Luzern, 2009<\/p>\n<p>Massnahmen zur Qualit\u00e4tssicherung in der Sozialhilfe, Sicherer Umgang mit Personendaten in der Sozialhilfe. Berner Konferenz f\u00fcr Sozialhilfe, Erwachsenen- und Kindesschutz 2009<\/p>\n<p>Datenschutz im Asylbereich, Umgang mit sensiblen Daten in der Betreuung und Beratung von Asylsuchenden. Kirchliche Kontaktstellen f\u00fcr Fl\u00fcchtlingsfragen (KKF), Bern 2006<\/p>\n<p>H\u00e4usliche Gewalt: Interventionsm\u00f6glichkeiten und Praxis in \u00f6ffentlichen Sozialdiensten. Verband aargauischer Psychologinnen und Psychologen (VAP) 2006<\/p>\n<p><a href=\"https:\/\/danielrosch.ch\/?page_id=84\">Aus- und Weiterbildungen<\/a><\/p>\n<p><a href=\"https:\/\/danielrosch.ch\/?page_id=87\">Praxiserfahrung &amp; Mitgliedschaften<\/a><\/p>\n<p><a href=\"https:\/\/danielrosch.ch\/?page_id=90\">Publikationen<\/a><\/p>\n<p><a href=\"https:\/\/danielrosch.ch\/?page_id=377\">Forschung<\/a><\/p>\n<p><a href=\"https:\/\/danielrosch.ch\/?page_id=96\">Kontakt<\/a><\/p>\n\n\n<p><\/p>\n","protected":false},"excerpt":{"rendered":"<p>&#8211;\u00a0 Methodische und juristische Aspekte der Selbstbestimmung in der Mandatsaufnahme, Referat anl\u00e4sslich des Qualit\u00e4tsworkshop des Netzwerkes Qualit\u00e4t im Erwachsenenschutz vom 16. September 2025 in Luzern\u00a0 &#8211; Einf\u00fchrung und Epilog: Zwangskontext anl\u00e4sslich der Tagung &#8222;Zwang und Zwangskontexte in der Sozialen Arbeit&#8220; an der Hamburger HAW vom 11.\/12. September 2025 (Link)\u00a0 &#8211; Abkl\u00e4rung &#8211; alles gekl\u00e4rt?!, Referat &hellip; <\/p>\n","protected":false},"author":1,"featured_media":0,"parent":81,"menu_order":0,"comment_status":"closed","ping_status":"closed","template":"templates\/template-fullwidth.php","meta":{"footnotes":""},"class_list":["post-93","page","type-page","status-publish","hentry"],"_links":{"self":[{"href":"https:\/\/danielrosch.ch\/index.php?rest_route=\/wp\/v2\/pages\/93","targetHints":{"allow":["GET"]}}],"collection":[{"href":"https:\/\/danielrosch.ch\/index.php?rest_route=\/wp\/v2\/pages"}],"about":[{"href":"https:\/\/danielrosch.ch\/index.php?rest_route=\/wp\/v2\/types\/page"}],"author":[{"embeddable":true,"href":"https:\/\/danielrosch.ch\/index.php?rest_route=\/wp\/v2\/users\/1"}],"replies":[{"embeddable":true,"href":"https:\/\/danielrosch.ch\/index.php?rest_route=%2Fwp%2Fv2%2Fcomments&post=93"}],"version-history":[{"count":43,"href":"https:\/\/danielrosch.ch\/index.php?rest_route=\/wp\/v2\/pages\/93\/revisions"}],"predecessor-version":[{"id":842,"href":"https:\/\/danielrosch.ch\/index.php?rest_route=\/wp\/v2\/pages\/93\/revisions\/842"}],"up":[{"embeddable":true,"href":"https:\/\/danielrosch.ch\/index.php?rest_route=\/wp\/v2\/pages\/81"}],"wp:attachment":[{"href":"https:\/\/danielrosch.ch\/index.php?rest_route=%2Fwp%2Fv2%2Fmedia&parent=93"}],"curies":[{"name":"wp","href":"https:\/\/api.w.org\/{rel}","templated":true}]}}